{"id":7,"date":"2023-06-30T07:39:47","date_gmt":"2023-06-30T07:39:47","guid":{"rendered":"https:\/\/laborghesina.ch\/?page_id=7"},"modified":"2024-04-05T13:11:50","modified_gmt":"2024-04-05T13:11:50","slug":"homepage","status":"publish","type":"page","link":"https:\/\/laborghesina.ch\/","title":{"rendered":"Homepage"},"content":{"rendered":"\n<p><\/p>\n\n\n\n<div class=\"alignfull\"><div id=\"metaslider-id-15\" style=\"width: 100%;\" class=\"ml-slider-3-108-0 metaslider metaslider-flex metaslider-15 ml-slider ms-theme-default nav-hidden\" role=\"region\" aria-label=\"Nuova presentazione\" data-height=\"800\" data-width=\"1600\">\n    <div id=\"metaslider_container_15\">\n        <div id=\"metaslider_15\">\n            <ul class='slides'>\n                <li style=\"display: block; width: 100%;\" class=\"slide-16 ms-image \" aria-roledescription=\"slide\" data-date=\"2023-06-30 07:42:28\" data-filename=\"Photoroom_20260307_112315-1-832x416.png\" data-slide-type=\"image\"><img loading=\"lazy\" decoding=\"async\" src=\"https:\/\/laborghesina.ch\/wp-content\/uploads\/2026\/03\/Photoroom_20260307_112315-1-832x416.png\" height=\"800\" width=\"1600\" alt=\"negozio di abbigliamento, moda, accessori e scarpe uomo Locarno\" class=\"slider-15 slide-16 msDefaultImage\" title=\"negozio di abbigliamento, moda, accessori e scarpe uomo Locarno\" \/><div class=\"caption-wrap\"><div class=\"caption\"><div><span style=\"color:rgb(236,240,241);\"><em><strong>Negozio di abbigliamento uomo<\/strong><\/em><\/span><\/div><\/div><\/div><\/li>\n                <li style=\"display: none; width: 100%;\" class=\"slide-17 ms-image \" aria-roledescription=\"slide\" data-date=\"2023-06-30 07:42:28\" data-filename=\"Photoroom_20260225_161345-2-832x416.png\" data-slide-type=\"image\"><img loading=\"lazy\" decoding=\"async\" src=\"https:\/\/laborghesina.ch\/wp-content\/uploads\/2026\/03\/Photoroom_20260225_161345-2-832x416.png\" height=\"800\" width=\"1600\" alt=\"negozio di abbigliamento, moda, accessori e scarpe donna Locarno\" class=\"slider-15 slide-17 msDefaultImage\" title=\"negozio di abbigliamento, moda, accessori e scarpe donna Locarno\" \/><div class=\"caption-wrap\"><div class=\"caption\"><div><span style=\"color:rgb(236,240,241);\"><em><strong>Negozio di abbigliamento donna<\/strong><\/em><\/span><\/div><\/div><\/div><\/li>\n                <li style=\"display: none; width: 100%;\" class=\"slide-18 ms-image \" aria-roledescription=\"slide\" data-date=\"2023-06-30 07:42:28\" data-filename=\"YJED50501-832x416.png\" data-slide-type=\"image\"><img loading=\"lazy\" decoding=\"async\" src=\"https:\/\/laborghesina.ch\/wp-content\/uploads\/2026\/03\/YJED50501-832x416.png\" height=\"800\" width=\"1600\" alt=\"negozio di abbigliamento, moda, accessori e scarpe bambino Locarno\" class=\"slider-15 slide-18 msDefaultImage\" title=\"negozio di abbigliamento, moda, accessori e scarpe bambino Locarno\" \/><div class=\"caption-wrap\"><div class=\"caption\"><div><span style=\"color:rgb(236,240,241);\"><em><strong>Negozio di abbigliamento neonato e bambino<\/strong><\/em><\/span><\/div><\/div><\/div><\/li>\n                <li style=\"display: none; width: 100%;\" class=\"slide-1370 ms-image \" aria-roledescription=\"slide\" data-date=\"2023-12-17 14:41:09\" data-filename=\"F12-MARZO-2026-1600x800.jpg\" data-slide-type=\"image\"><img loading=\"lazy\" decoding=\"async\" src=\"https:\/\/laborghesina.ch\/wp-content\/uploads\/2026\/03\/F12-MARZO-2026-1600x800.jpg\" height=\"800\" width=\"1600\" alt=\"negozio di abbigliamento, moda, accessori e scarpe uomo donna e bambino Locarno\" class=\"slider-15 slide-1370 msDefaultImage\" title=\"negozio di abbigliamento, moda, accessori e scarpe uomo donna e bambino Locarno\" \/><div class=\"caption-wrap\"><div class=\"caption\"><div><span style=\"color:rgb(236,240,241);\"><em><strong>Da 3 generazioni in Citt\u00e0 Vecchia a Locarno<\/strong><\/em><\/span><\/div><\/div><\/div><\/li>\n            <\/ul>\n        <\/div>\n        \n    <\/div>\n<\/div><\/div>\n\n\n\n<div class=\"alignfull\"><div id=\"metaslider-id-331\" style=\"width: 100%;\" class=\"ml-slider-3-108-0 metaslider metaslider-flex metaslider-331 ml-slider ms-theme-default nav-hidden nav-hidden\" role=\"region\" aria-label=\"Mobile\" data-height=\"3000\" data-width=\"1600\">\n    <div id=\"metaslider_container_331\">\n        <div id=\"metaslider_331\">\n            <ul class='slides'>\n                <li style=\"display: block; width: 100%;\" class=\"slide-332 ms-image \" aria-roledescription=\"slide\" data-date=\"2023-07-11 08:51:49\" data-filename=\"Photoroom_20260225_094956-665x1248.png\" data-slide-type=\"image\"><img loading=\"lazy\" decoding=\"async\" src=\"https:\/\/laborghesina.ch\/wp-content\/uploads\/2026\/02\/Photoroom_20260225_094956-665x1248.png\" height=\"3000\" width=\"1600\" alt=\"negozio di abbigliamento, moda, accessori e scarpe uomo donna e bambino Locarno\" class=\"slider-331 slide-332 msDefaultImage\" title=\"negozio di abbigliamento, moda, accessori e scarpe uomo donna e bambino Locarno\" \/><div class=\"caption-wrap\"><div class=\"caption\"><div><em><strong>Negozio di abbigliamento UOMO<\/strong><\/em><\/div><\/div><\/div><\/li>\n                <li style=\"display: none; width: 100%;\" class=\"slide-333 ms-image \" aria-roledescription=\"slide\" data-date=\"2023-07-11 08:51:49\" data-filename=\"Photoroom_20260225_111953-665x1248.png\" data-slide-type=\"image\"><img loading=\"lazy\" decoding=\"async\" src=\"https:\/\/laborghesina.ch\/wp-content\/uploads\/2026\/02\/Photoroom_20260225_111953-665x1248.png\" height=\"3000\" width=\"1600\" alt=\"negozio di abbigliamento, moda, accessori e scarpe uomo donna e bambino Locarno\" class=\"slider-331 slide-333 msDefaultImage\" title=\"negozio di abbigliamento, moda, accessori e scarpe uomo donna e bambino Locarno\" \/><div class=\"caption-wrap\"><div class=\"caption\"><div><em><strong>Negozio di abbigliamento DONNA<\/strong><\/em><\/div><\/div><\/div><\/li>\n                <li style=\"display: none; width: 100%;\" class=\"slide-334 ms-image \" aria-roledescription=\"slide\" data-date=\"2023-07-11 08:51:49\" data-filename=\"Photoroom_20260204_170805-665x1248.png\" data-slide-type=\"image\"><img loading=\"lazy\" decoding=\"async\" src=\"https:\/\/laborghesina.ch\/wp-content\/uploads\/2026\/03\/Photoroom_20260204_170805-665x1248.png\" height=\"3000\" width=\"1600\" alt=\"negozio di abbigliamento, moda, accessori e scarpe uomo donna e bambino Locarno\" class=\"slider-331 slide-334 msDefaultImage\" title=\"negozio di abbigliamento, moda, accessori e scarpe uomo donna e bambino Locarno\" \/><div class=\"caption-wrap\"><div class=\"caption\"><div><em><strong>Negozio di abbigliamento NEONATO e BAMBINO<\/strong><\/em><\/div><\/div><\/div><\/li>\n                <li style=\"display: none; width: 100%;\" class=\"slide-3234 ms-image \" aria-roledescription=\"slide\" data-date=\"2025-11-29 08:43:06\" data-filename=\"TELA-Barra-1259x2362.jpg\" data-slide-type=\"image\"><img loading=\"lazy\" decoding=\"async\" src=\"https:\/\/laborghesina.ch\/wp-content\/uploads\/2025\/12\/TELA-Barra-1259x2362.jpg\" height=\"3000\" width=\"1600\" alt=\"negozio di abbigliamento, moda, accessori e scarpe uomo donna e bambino Locarno\" class=\"slider-331 slide-3234 msDefaultImage\" title=\"negozio di abbigliamento, moda, accessori e scarpe uomo donna e bambino Locarno\" \/><div class=\"caption-wrap\"><div class=\"caption\"><div><em><strong>da 3 genersazioni in Citt\u00e0 Vecchia a Locarno<\/strong><\/em><\/div><\/div><\/div><\/li>\n            <\/ul>\n        <\/div>\n        \n    <\/div>\n<\/div><\/div>\n\n\n\n<h2 class=\"wp-block-heading titolomobile uag-hide-desktop uag-hide-tab\">Da 3 generazioni vestiamo ogni et\u00e0&nbsp;con fantasia e qualit\u00e0 nel cuore della citt\u00e0 vecchia di Locarno<\/h2>\n\n\n\n<div style=\"height:100px\" aria-hidden=\"true\" class=\"wp-block-spacer\"><\/div>\n\n\n\n<h2 class=\"wp-block-heading\">Dai nostri social<\/h2>\n\n\n<style type=\"text\/css\">.zoom-instagram.feed-50{font-size:14px!important;padding:1px!important;}.zoom-instagram.feed-50 .zoom-instagram-widget__items{display:grid!important;grid-template-columns:repeat(3,1fr);}.zoom-instagram.feed-50 .zoom-instagram-widget__items{gap:10px!important;}<\/style>\n<div class=\"zoom-instagram feed-50 layout-grid columns-3 spacing-10 perpage-3\"><header class=\"zoom-instagram-widget__header\"><div class=\"zoom-instagram-widget__header-column-right\"><h5 class=\"zoom-instagram-widget__header-name\">abbigliamento uomo donna bimbi<\/h5><div class=\"zoom-instagram-widget__header-bio\">Da 3 generazioni il negozio \u00e8 presente dal 1930 in Citt\u00e0 Vecchia a Locarno mantenendo un ottimo servizio e rapporto qualit\u00e0 prezzo.<\/div><\/div><\/header><div class=\"zoom-instagram-widget__items-wrapper\"><ul class=\"zoom-instagram-widget__items zoom-instagram-widget__items--no-js layout-grid\" data-layout=\"grid\" data-spacing=\"10\" data-perpage=\"3\"><li class=\"zoom-instagram-widget__item media-icons-normal media-icons-hover\" data-media-id=\"18083261780105216\"data-nonce=\"b1279d01ed\"data-regenerate-thumbnails=\"1\"data-media-type=\"image\"><div class=\"zoom-instagram-widget__item-inner-wrap\"><img class=\"zoom-instagram-link zoom-instagram-link-new\"  data-src=\"https:\/\/laborghesina.ch\/wp-content\/uploads\/2023\/06\/685820246_1446518743942197_5924551137979396610_n-256x320.jpg\" data-mfp-src=\"18083261780105216\" width=\"256\" height=\"320\" alt=\"#locarnocittavecchia #locarnocity #modemontecarlo #calamar_offical #fynch_hatton #casamoda_official #olympmen #seabarrier_official #digelofficial #hajopolo #locarno_ascona #ticinoturismo #bellinzona #idearegalouomo #citt\u00e0vecchia #mayoralnewborn #mayoralmodainfantil #abbigliamentobimbi #vetono #locarno #simclan #abbigliamodonna #donnacurvy #lagomaggiore #idearegalodonna #bellinzona #ascona_locarno #lebekfashion #BlueJoint #tonifashion_offical\" \/><div class=\"hover-layout zoom-instagram-widget__overlay zoom-instagram-widget__black \"><div class=\"zoom-instagram-icon-wrap\"><a class=\"zoom-svg-instagram-stroke\" href=\"https:\/\/www.instagram.com\/p\/DYKZKImjTWH\/\" rel=\"noopener nofollow\" target=\"_blank\" title=\"#locarnocittavecchia #locarnocity #modemontecarlo #calamar_offical #fynch_hatton #casamoda_official #olympmen #seabarrier_official #digelofficial #hajopolo #locarno_ascona #ticinoturismo #bellinzona #idearegalouomo #citt\u00e0vecchia #mayoralnewborn #mayoralmodainfantil #abbigliamentobimbi #vetono #locarno #simclan #abbigliamodonna #donnacurvy #lagomaggiore #idearegalodonna #bellinzona #ascona_locarno #lebekfashion #BlueJoint #tonifashion_offical\"><\/a><\/div>\n    \t\t\t\t\t<a class=\"zoom-instagram-link\" data-src=\"https:\/\/laborghesina.ch\/wp-content\/uploads\/2023\/06\/685820246_1446518743942197_5924551137979396610_n-256x320.jpg\" data-mfp-src=\"18083261780105216\" href=\"https:\/\/www.instagram.com\/p\/DYKZKImjTWH\/\" target=\"_blank\" rel=\"noopener nofollow\" title=\"#locarnocittavecchia #locarnocity #modemontecarlo #calamar_offical #fynch_hatton #casamoda_official #olympmen #seabarrier_official #digelofficial #hajopolo #locarno_ascona #ticinoturismo #bellinzona #idearegalouomo #citt\u00e0vecchia #mayoralnewborn #mayoralmodainfantil #abbigliamentobimbi #vetono #locarno #simclan #abbigliamodonna #donnacurvy #lagomaggiore #idearegalodonna #bellinzona #ascona_locarno #lebekfashion #BlueJoint #tonifashion_offical\"><\/a>\n    \t\t\t\t\t<\/div><\/div><\/li><li class=\"zoom-instagram-widget__item media-icons-normal media-icons-hover\" data-media-id=\"17866020003545304\"data-nonce=\"5385399749\"data-regenerate-thumbnails=\"1\"data-media-type=\"image\"><div class=\"zoom-instagram-widget__item-inner-wrap\"><img class=\"zoom-instagram-link zoom-instagram-link-new\"  data-src=\"https:\/\/laborghesina.ch\/wp-content\/uploads\/2023\/06\/685968997_1446514603942611_755470126587878353_n-256x320.jpg\" data-mfp-src=\"17866020003545304\" width=\"256\" height=\"320\" alt=\"#locarnocittavecchia #locarnocity #modemontecarlo #calamar_offical #fynch_hatton #casamoda_official #olympmen #seabarrier_official #digelofficial #hajopolo #locarno_ascona #ticinoturismo #bellinzona #idearegalouomo #citt\u00e0vecchia #mayoralnewborn #mayoralmodainfantil #abbigliamentobimbi #vetono #locarno #simclan #abbigliamodonna #donnacurvy #lagomaggiore #idearegalodonna #bellinzona #ascona_locarno #lebekfashion #BlueJoint #tonifashion_offical\" \/><div class=\"hover-layout zoom-instagram-widget__overlay zoom-instagram-widget__black \"><div class=\"zoom-instagram-icon-wrap\"><a class=\"zoom-svg-instagram-stroke\" href=\"https:\/\/www.instagram.com\/p\/DYFWfkVEwN1\/\" rel=\"noopener nofollow\" target=\"_blank\" title=\"#locarnocittavecchia #locarnocity #modemontecarlo #calamar_offical #fynch_hatton #casamoda_official #olympmen #seabarrier_official #digelofficial #hajopolo #locarno_ascona #ticinoturismo #bellinzona #idearegalouomo #citt\u00e0vecchia #mayoralnewborn #mayoralmodainfantil #abbigliamentobimbi #vetono #locarno #simclan #abbigliamodonna #donnacurvy #lagomaggiore #idearegalodonna #bellinzona #ascona_locarno #lebekfashion #BlueJoint #tonifashion_offical\"><\/a><\/div>\n    \t\t\t\t\t<a class=\"zoom-instagram-link\" data-src=\"https:\/\/laborghesina.ch\/wp-content\/uploads\/2023\/06\/685968997_1446514603942611_755470126587878353_n-256x320.jpg\" data-mfp-src=\"17866020003545304\" href=\"https:\/\/www.instagram.com\/p\/DYFWfkVEwN1\/\" target=\"_blank\" rel=\"noopener nofollow\" title=\"#locarnocittavecchia #locarnocity #modemontecarlo #calamar_offical #fynch_hatton #casamoda_official #olympmen #seabarrier_official #digelofficial #hajopolo #locarno_ascona #ticinoturismo #bellinzona #idearegalouomo #citt\u00e0vecchia #mayoralnewborn #mayoralmodainfantil #abbigliamentobimbi #vetono #locarno #simclan #abbigliamodonna #donnacurvy #lagomaggiore #idearegalodonna #bellinzona #ascona_locarno #lebekfashion #BlueJoint #tonifashion_offical\"><\/a>\n    \t\t\t\t\t<\/div><\/div><\/li><li class=\"zoom-instagram-widget__item media-icons-normal media-icons-hover\" data-media-id=\"18053709716719796\"data-nonce=\"c1de31d57e\"data-regenerate-thumbnails=\"1\"data-media-type=\"image\"><div class=\"zoom-instagram-widget__item-inner-wrap\"><img class=\"zoom-instagram-link zoom-instagram-link-new\"  data-src=\"https:\/\/laborghesina.ch\/wp-content\/uploads\/2023\/06\/685140193_1446513273942744_8590278250466215604_n-256x320.jpg\" data-mfp-src=\"18053709716719796\" width=\"256\" height=\"320\" alt=\"#locarnocittavecchia #locarnocity #modemontecarlo #calamar_offical #fynch_hatton #casamoda_official #olympmen #seabarrier_official #digelofficial #hajopolo #locarno_ascona #ticinoturismo #bellinzona #idearegalouomo #citt\u00e0vecchia #mayoralnewborn #mayoralmodainfantil #abbigliamentobimbi #vetono #locarno #simclan #abbigliamodonna #donnacurvy #lagomaggiore #idearegalodonna #bellinzona #ascona_locarno #lebekfashion #BlueJoint #tonifashion_offical\" \/><div class=\"hover-layout zoom-instagram-widget__overlay zoom-instagram-widget__black \"><div class=\"zoom-instagram-icon-wrap\"><a class=\"zoom-svg-instagram-stroke\" href=\"https:\/\/www.instagram.com\/p\/DYATsZiAYzd\/\" rel=\"noopener nofollow\" target=\"_blank\" title=\"#locarnocittavecchia #locarnocity #modemontecarlo #calamar_offical #fynch_hatton #casamoda_official #olympmen #seabarrier_official #digelofficial #hajopolo #locarno_ascona #ticinoturismo #bellinzona #idearegalouomo #citt\u00e0vecchia #mayoralnewborn #mayoralmodainfantil #abbigliamentobimbi #vetono #locarno #simclan #abbigliamodonna #donnacurvy #lagomaggiore #idearegalodonna #bellinzona #ascona_locarno #lebekfashion #BlueJoint #tonifashion_offical\"><\/a><\/div>\n    \t\t\t\t\t<a class=\"zoom-instagram-link\" data-src=\"https:\/\/laborghesina.ch\/wp-content\/uploads\/2023\/06\/685140193_1446513273942744_8590278250466215604_n-256x320.jpg\" data-mfp-src=\"18053709716719796\" href=\"https:\/\/www.instagram.com\/p\/DYATsZiAYzd\/\" target=\"_blank\" rel=\"noopener nofollow\" title=\"#locarnocittavecchia #locarnocity #modemontecarlo #calamar_offical #fynch_hatton #casamoda_official #olympmen #seabarrier_official #digelofficial #hajopolo #locarno_ascona #ticinoturismo #bellinzona #idearegalouomo #citt\u00e0vecchia #mayoralnewborn #mayoralmodainfantil #abbigliamentobimbi #vetono #locarno #simclan #abbigliamodonna #donnacurvy #lagomaggiore #idearegalodonna #bellinzona #ascona_locarno #lebekfashion #BlueJoint #tonifashion_offical\"><\/a>\n    \t\t\t\t\t<\/div><\/div><\/li><\/ul><\/div><div class=\"zoom-instagram-widget__footer\"><a href=\"https:\/\/www.instagram.com\/laborghesina\" target=\"_blank\" rel=\"noopener nofollow\" class=\"wpz-button wpz-button-primary wpz-insta-view-on-insta-button\"><span class=\"button-icon zoom-svg-instagram-stroke\"><\/span> View on Instagram<\/a><\/div><\/div>\n\n\n\n<div style=\"height:100px\" aria-hidden=\"true\" class=\"wp-block-spacer\"><\/div>\n\n\n\n<div class=\"wp-block-columns is-layout-flex wp-container-core-columns-is-layout-1 wp-block-columns-is-layout-flex\">\n<div class=\"wp-block-column is-layout-flow wp-block-column-is-layout-flow\">\n<h2 class=\"wp-block-heading\">Seguici anche su<\/h2>\n<\/div>\n\n\n\n<div class=\"wp-block-column is-layout-flow wp-block-column-is-layout-flow\">\n<ul class=\"wp-block-social-links has-large-icon-size has-icon-color has-icon-background-color is-content-justification-left is-layout-flex wp-container-core-social-links-is-layout-1 wp-block-social-links-is-layout-flex\"><li style=\"color: var(--base-3); background-color: var(--accent); \" class=\"wp-social-link wp-social-link-facebook has-base-3-color has-accent-background-color wp-block-social-link\"><a href=\"https:\/\/www.facebook.com\/laborghesina\/?ref=br_rs\" class=\"wp-block-social-link-anchor\"><svg width=\"24\" height=\"24\" viewBox=\"0 0 24 24\" version=\"1.1\" xmlns=\"http:\/\/www.w3.org\/2000\/svg\" aria-hidden=\"true\" focusable=\"false\"><path d=\"M12 2C6.5 2 2 6.5 2 12c0 5 3.7 9.1 8.4 9.9v-7H7.9V12h2.5V9.8c0-2.5 1.5-3.9 3.8-3.9 1.1 0 2.2.2 2.2.2v2.5h-1.3c-1.2 0-1.6.8-1.6 1.6V12h2.8l-.4 2.9h-2.3v7C18.3 21.1 22 17 22 12c0-5.5-4.5-10-10-10z\"><\/path><\/svg><span class=\"wp-block-social-link-label screen-reader-text\">Facebook<\/span><\/a><\/li>\n\n<li style=\"color: var(--base-3); background-color: var(--accent); \" class=\"wp-social-link wp-social-link-instagram has-base-3-color has-accent-background-color wp-block-social-link\"><a href=\"https:\/\/www.instagram.com\/laborghesina\/\" class=\"wp-block-social-link-anchor\"><svg width=\"24\" height=\"24\" viewBox=\"0 0 24 24\" version=\"1.1\" xmlns=\"http:\/\/www.w3.org\/2000\/svg\" aria-hidden=\"true\" focusable=\"false\"><path d=\"M12,4.622c2.403,0,2.688,0.009,3.637,0.052c0.877,0.04,1.354,0.187,1.671,0.31c0.42,0.163,0.72,0.358,1.035,0.673 c0.315,0.315,0.51,0.615,0.673,1.035c0.123,0.317,0.27,0.794,0.31,1.671c0.043,0.949,0.052,1.234,0.052,3.637 s-0.009,2.688-0.052,3.637c-0.04,0.877-0.187,1.354-0.31,1.671c-0.163,0.42-0.358,0.72-0.673,1.035 c-0.315,0.315-0.615,0.51-1.035,0.673c-0.317,0.123-0.794,0.27-1.671,0.31c-0.949,0.043-1.233,0.052-3.637,0.052 s-2.688-0.009-3.637-0.052c-0.877-0.04-1.354-0.187-1.671-0.31c-0.42-0.163-0.72-0.358-1.035-0.673 c-0.315-0.315-0.51-0.615-0.673-1.035c-0.123-0.317-0.27-0.794-0.31-1.671C4.631,14.688,4.622,14.403,4.622,12 s0.009-2.688,0.052-3.637c0.04-0.877,0.187-1.354,0.31-1.671c0.163-0.42,0.358-0.72,0.673-1.035 c0.315-0.315,0.615-0.51,1.035-0.673c0.317-0.123,0.794-0.27,1.671-0.31C9.312,4.631,9.597,4.622,12,4.622 M12,3 C9.556,3,9.249,3.01,8.289,3.054C7.331,3.098,6.677,3.25,6.105,3.472C5.513,3.702,5.011,4.01,4.511,4.511 c-0.5,0.5-0.808,1.002-1.038,1.594C3.25,6.677,3.098,7.331,3.054,8.289C3.01,9.249,3,9.556,3,12c0,2.444,0.01,2.751,0.054,3.711 c0.044,0.958,0.196,1.612,0.418,2.185c0.23,0.592,0.538,1.094,1.038,1.594c0.5,0.5,1.002,0.808,1.594,1.038 c0.572,0.222,1.227,0.375,2.185,0.418C9.249,20.99,9.556,21,12,21s2.751-0.01,3.711-0.054c0.958-0.044,1.612-0.196,2.185-0.418 c0.592-0.23,1.094-0.538,1.594-1.038c0.5-0.5,0.808-1.002,1.038-1.594c0.222-0.572,0.375-1.227,0.418-2.185 C20.99,14.751,21,14.444,21,12s-0.01-2.751-0.054-3.711c-0.044-0.958-0.196-1.612-0.418-2.185c-0.23-0.592-0.538-1.094-1.038-1.594 c-0.5-0.5-1.002-0.808-1.594-1.038c-0.572-0.222-1.227-0.375-2.185-0.418C14.751,3.01,14.444,3,12,3L12,3z M12,7.378 c-2.552,0-4.622,2.069-4.622,4.622S9.448,16.622,12,16.622s4.622-2.069,4.622-4.622S14.552,7.378,12,7.378z M12,15 c-1.657,0-3-1.343-3-3s1.343-3,3-3s3,1.343,3,3S13.657,15,12,15z M16.804,6.116c-0.596,0-1.08,0.484-1.08,1.08 s0.484,1.08,1.08,1.08c0.596,0,1.08-0.484,1.08-1.08S17.401,6.116,16.804,6.116z\"><\/path><\/svg><span class=\"wp-block-social-link-label screen-reader-text\">Instagram<\/span><\/a><\/li>\n\n<li style=\"color: var(--base-3); background-color: var(--accent); \" class=\"wp-social-link wp-social-link-x has-base-3-color has-accent-background-color wp-block-social-link\"><a href=\"https:\/\/twitter.com\/LaBorghesina\" class=\"wp-block-social-link-anchor\"><svg width=\"24\" height=\"24\" viewBox=\"0 0 24 24\" version=\"1.1\" xmlns=\"http:\/\/www.w3.org\/2000\/svg\" aria-hidden=\"true\" focusable=\"false\"><path d=\"M13.982 10.622 20.54 3h-1.554l-5.693 6.618L8.745 3H3.5l6.876 10.007L3.5 21h1.554l6.012-6.989L15.868 21h5.245l-7.131-10.378Zm-2.128 2.474-.697-.997-5.543-7.93H8l4.474 6.4.697.996 5.815 8.318h-2.387l-4.745-6.787Z\" \/><\/svg><span class=\"wp-block-social-link-label screen-reader-text\">X<\/span><\/a><\/li><\/ul>\n<\/div>\n<\/div>\n\n\n\n<div class=\"wp-block-cover alignfull\"><span aria-hidden=\"true\" class=\"wp-block-cover__background has-background-dim-0 has-background-dim\"><\/span><img loading=\"lazy\" decoding=\"async\" width=\"1224\" height=\"450\" class=\"wp-block-cover__image-background wp-image-58\" alt=\"\" src=\"http:\/\/laborghesina.ch\/wp-content\/uploads\/2023\/06\/sfondo-copia.jpg\" data-object-fit=\"cover\" srcset=\"https:\/\/laborghesina.ch\/wp-content\/uploads\/2023\/06\/sfondo-copia.jpg 1224w, https:\/\/laborghesina.ch\/wp-content\/uploads\/2023\/06\/sfondo-copia-300x110.jpg 300w, https:\/\/laborghesina.ch\/wp-content\/uploads\/2023\/06\/sfondo-copia-1024x376.jpg 1024w, https:\/\/laborghesina.ch\/wp-content\/uploads\/2023\/06\/sfondo-copia-768x282.jpg 768w\" sizes=\"auto, (max-width: 1224px) 100vw, 1224px\" \/><div class=\"wp-block-cover__inner-container is-layout-flow wp-block-cover-is-layout-flow\">\n<div class=\"wp-block-columns is-layout-flex wp-container-core-columns-is-layout-3 wp-block-columns-is-layout-flex\">\n<div class=\"wp-block-column is-layout-flow wp-block-column-is-layout-flow\">\n<div class=\"wp-block-uagb-container uagb-block-4da40be1 alignfull uagb-is-root-container\"><div class=\"uagb-container-inner-blocks-wrap\">\n<div class=\"wp-block-columns is-layout-flex wp-container-core-columns-is-layout-2 wp-block-columns-is-layout-flex\">\n<div class=\"wp-block-column is-layout-flow wp-block-column-is-layout-flow\" style=\"flex-basis:35%\">\n<h2 class=\"wp-block-heading has-text-align-left titololocation has-base-3-color has-ffffff-background-color has-text-color has-background\"><a href=\"https:\/\/www.google.com\/maps?ll=46.169189,8.791192&amp;z=19&amp;t=m&amp;hl=it&amp;gl=US&amp;mapclient=embed&amp;cid=2568205803088744786\" data-type=\"URL\" data-id=\"https:\/\/www.google.com\/maps?ll=46.169189,8.791192&amp;z=19&amp;t=m&amp;hl=it&amp;gl=US&amp;mapclient=embed&amp;cid=2568205803088744786\" target=\"_blank\" rel=\"noreferrer noopener\">Vieni a trovarci<\/a><\/h2>\n<\/div>\n\n\n\n<div class=\"wp-block-column is-layout-flow wp-block-column-is-layout-flow\"><\/div>\n<\/div>\n\n\n\t\t\t<div \n\t\t\tclass=\"wp-block-uagb-google-map uagb-google-map__wrap uagb-block-4f9964b9     \"\n\t\t\tstyle=\"\" >\n\t\t\t\t<embed\n\t\t\t\t\tclass=\"uagb-google-map__iframe\"\n\t\t\t\t\ttitle=\"Google Map for \"\n\t\t\t\t\tsrc=\"https:\/\/maps.google.com\/maps?q=la%20borghesina%20locarno&#038;z=19&#038;hl=it&#038;t=m&#038;output=embed&#038;iwloc=near\"\n\t\t\t\t\twidth=\"640\"\n\t\t\t\t\theight=\"250\"\n\t\t\t\t\tloading=\"lazy\"\n\t\t\t\t><\/embed>\n\t\t\t<\/div>\n\t\t\t<\/div><\/div>\n<\/div>\n<\/div>\n<\/div><\/div>\n\n\n\n<div style=\"height:100px\" aria-hidden=\"true\" class=\"wp-block-spacer\"><\/div>\n\n\n\n<div class=\"wp-block-uagb-container uagb-block-610c47d7 alignfull uagb-is-root-container\"><div class=\"uagb-container-inner-blocks-wrap\"><\/div><\/div>\n","protected":false},"excerpt":{"rendered":"<p>Da 3 generazioni vestiamo ogni et\u00e0&nbsp;con fantasia e qualit\u00e0 nel cuore della citt\u00e0 vecchia di Locarno Dai nostri social Seguici anche su<\/p>\n","protected":false},"author":1,"featured_media":0,"parent":0,"menu_order":0,"comment_status":"closed","ping_status":"closed","template":"","meta":{"inline_featured_image":false,"_uag_custom_page_level_css":"","footnotes":""},"class_list":["post-7","page","type-page","status-publish"],"uagb_featured_image_src":{"full":false,"thumbnail":false,"medium":false,"medium_large":false,"large":false,"1536x1536":false,"2048x2048":false},"uagb_author_info":{"display_name":"admin","author_link":"https:\/\/laborghesina.ch\/?author=1"},"uagb_comment_info":0,"uagb_excerpt":"Da 3 generazioni vestiamo ogni et\u00e0&nbsp;con fantasia e qualit\u00e0 nel cuore della citt\u00e0 vecchia di Locarno Dai nostri social Seguici anche su","_links":{"self":[{"href":"https:\/\/laborghesina.ch\/index.php?rest_route=\/wp\/v2\/pages\/7","targetHints":{"allow":["GET"]}}],"collection":[{"href":"https:\/\/laborghesina.ch\/index.php?rest_route=\/wp\/v2\/pages"}],"about":[{"href":"https:\/\/laborghesina.ch\/index.php?rest_route=\/wp\/v2\/types\/page"}],"author":[{"embeddable":true,"href":"https:\/\/laborghesina.ch\/index.php?rest_route=\/wp\/v2\/users\/1"}],"replies":[{"embeddable":true,"href":"https:\/\/laborghesina.ch\/index.php?rest_route=%2Fwp%2Fv2%2Fcomments&post=7"}],"version-history":[{"count":29,"href":"https:\/\/laborghesina.ch\/index.php?rest_route=\/wp\/v2\/pages\/7\/revisions"}],"predecessor-version":[{"id":1806,"href":"https:\/\/laborghesina.ch\/index.php?rest_route=\/wp\/v2\/pages\/7\/revisions\/1806"}],"wp:attachment":[{"href":"https:\/\/laborghesina.ch\/index.php?rest_route=%2Fwp%2Fv2%2Fmedia&parent=7"}],"curies":[{"name":"wp","href":"https:\/\/api.w.org\/{rel}","templated":true}]}}