{"id":402,"date":"2023-07-13T12:54:55","date_gmt":"2023-07-13T12:54:55","guid":{"rendered":"https:\/\/laborghesina.ch\/?page_id=402"},"modified":"2023-07-18T08:34:08","modified_gmt":"2023-07-18T08:34:08","slug":"dienstleistungen","status":"publish","type":"page","link":"https:\/\/laborghesina.ch\/?page_id=402&lang=de","title":{"rendered":"Dienstleistungen"},"content":{"rendered":"\n<div class=\"wp-block-columns is-layout-flex wp-container-core-columns-is-layout-1 wp-block-columns-is-layout-flex\">\n<div class=\"wp-block-column is-layout-flow wp-block-column-is-layout-flow\" style=\"flex-basis:33.33%\">\n<figure class=\"wp-block-image size-full\"><img loading=\"lazy\" decoding=\"async\" width=\"600\" height=\"600\" src=\"http:\/\/laborghesina.ch\/wp-content\/uploads\/2023\/07\/sartoria-1.jpg\" alt=\"\" class=\"wp-image-413\" srcset=\"https:\/\/laborghesina.ch\/wp-content\/uploads\/2023\/07\/sartoria-1.jpg 600w, https:\/\/laborghesina.ch\/wp-content\/uploads\/2023\/07\/sartoria-1-300x300.jpg 300w, https:\/\/laborghesina.ch\/wp-content\/uploads\/2023\/07\/sartoria-1-150x150.jpg 150w\" sizes=\"auto, (max-width: 600px) 100vw, 600px\" \/><\/figure>\n<\/div>\n\n\n\n<div class=\"wp-block-column is-layout-flow wp-block-column-is-layout-flow\" style=\"flex-basis:66.66%\">\n<p><strong>N\u00e4hservice&nbsp; <\/strong><\/p>\n\n\n\n<p>Wir stellen einen professionellen und zuverl\u00e4ssigen N\u00e4hservice zur Verf\u00fcgung, der ausschliesslich die bei uns gekauften Kleidungsst\u00fccke wunschgem\u00e4ss \u00e4ndert.<\/p>\n<\/div>\n<\/div>\n\n\n\n<hr class=\"wp-block-separator has-alpha-channel-opacity\"\/>\n\n\n\n<div class=\"wp-block-columns is-layout-flex wp-container-core-columns-is-layout-2 wp-block-columns-is-layout-flex\">\n<div class=\"wp-block-column is-layout-flow wp-block-column-is-layout-flow\" style=\"flex-basis:66.66%\">\n<p><strong>Bequeme Gr\u00f6ssen \u2013 Over &#8211; Curvy<\/strong><\/p>\n\n\n\n<p>Wir bieten eine sch\u00f6ne und grosse Auswahl an Damen- und Herrenbekleidung in den bequemsten Sonder- und Curvygr\u00f6ssen f\u00fcr diejenigen Kunden, welche spezielle, zu ihrem Figurtyp passende Kleiderformen brauchen, bis Gr\u00f6sse 6XL.<\/p>\n<\/div>\n\n\n\n<div class=\"wp-block-column is-layout-flow wp-block-column-is-layout-flow\" style=\"flex-basis:33.33%\">\n<figure class=\"wp-block-image size-full\"><img loading=\"lazy\" decoding=\"async\" width=\"600\" height=\"600\" src=\"http:\/\/laborghesina.ch\/wp-content\/uploads\/2023\/07\/tagliedee.jpg\" alt=\"\" class=\"wp-image-411\" srcset=\"https:\/\/laborghesina.ch\/wp-content\/uploads\/2023\/07\/tagliedee.jpg 600w, https:\/\/laborghesina.ch\/wp-content\/uploads\/2023\/07\/tagliedee-300x300.jpg 300w, https:\/\/laborghesina.ch\/wp-content\/uploads\/2023\/07\/tagliedee-150x150.jpg 150w\" sizes=\"auto, (max-width: 600px) 100vw, 600px\" \/><\/figure>\n<\/div>\n<\/div>\n\n\n\n<hr class=\"wp-block-separator has-alpha-channel-opacity\"\/>\n\n\n\n<div class=\"wp-block-columns is-layout-flex wp-container-core-columns-is-layout-3 wp-block-columns-is-layout-flex\">\n<div class=\"wp-block-column is-layout-flow wp-block-column-is-layout-flow\" style=\"flex-basis:33.33%\">\n<figure class=\"wp-block-image size-full\"><img loading=\"lazy\" decoding=\"async\" width=\"600\" height=\"600\" src=\"http:\/\/laborghesina.ch\/wp-content\/uploads\/2023\/07\/tagliede.jpg\" alt=\"\" class=\"wp-image-410\" srcset=\"https:\/\/laborghesina.ch\/wp-content\/uploads\/2023\/07\/tagliede.jpg 600w, https:\/\/laborghesina.ch\/wp-content\/uploads\/2023\/07\/tagliede-300x300.jpg 300w, https:\/\/laborghesina.ch\/wp-content\/uploads\/2023\/07\/tagliede-150x150.jpg 150w\" sizes=\"auto, (max-width: 600px) 100vw, 600px\" \/><\/figure>\n<\/div>\n\n\n\n<div class=\"wp-block-column is-layout-flow wp-block-column-is-layout-flow\" style=\"flex-basis:66.66%\">\n<p><strong>Kleidungsst\u00fccke zur Auswahl<\/strong><\/p>\n\n\n\n<p>Den Kunden, die nicht in der Lage sind, pers\u00f6nlich in unser Gesch\u00e4ft zu kommen, bieten wir die M\u00f6glichkeit, die gew\u00fcnschten Kleidungsst\u00fccke zu Hause anzuprobieren.<\/p>\n<\/div>\n<\/div>\n\n\n\n<hr class=\"wp-block-separator has-alpha-channel-opacity\"\/>\n\n\n\n<div class=\"wp-block-columns is-layout-flex wp-container-core-columns-is-layout-4 wp-block-columns-is-layout-flex\">\n<div class=\"wp-block-column is-layout-flow wp-block-column-is-layout-flow\" style=\"flex-basis:66.66%\">\n<p><strong>Neugeborene und Fr\u00fchgeborene<\/strong><\/p>\n\n\n\n<p>Unsere breite Auswahl an Baby- und Kinderkleidung von 5 Monaten bis 9 Jahren beinhaltet eine spezielle Kollektion f\u00fcr Neugeborene und Fr\u00fchgeborene ab Gr\u00f6sse 0 Monate, bzw. 42\/44 cm<\/p>\n<\/div>\n\n\n\n<div class=\"wp-block-column is-layout-flow wp-block-column-is-layout-flow\" style=\"flex-basis:33.33%\">\n<figure class=\"wp-block-image size-full\"><img loading=\"lazy\" decoding=\"async\" width=\"600\" height=\"600\" src=\"http:\/\/laborghesina.ch\/wp-content\/uploads\/2023\/07\/neonatide.jpg\" alt=\"\" class=\"wp-image-412\" srcset=\"https:\/\/laborghesina.ch\/wp-content\/uploads\/2023\/07\/neonatide.jpg 600w, https:\/\/laborghesina.ch\/wp-content\/uploads\/2023\/07\/neonatide-300x300.jpg 300w, https:\/\/laborghesina.ch\/wp-content\/uploads\/2023\/07\/neonatide-150x150.jpg 150w\" sizes=\"auto, (max-width: 600px) 100vw, 600px\" \/><\/figure>\n<\/div>\n<\/div>\n\n\n\n<hr class=\"wp-block-separator has-alpha-channel-opacity\"\/>\n\n\n\n<div class=\"wp-block-columns is-layout-flex wp-container-core-columns-is-layout-5 wp-block-columns-is-layout-flex\">\n<div class=\"wp-block-column is-layout-flow wp-block-column-is-layout-flow\" style=\"flex-basis:33.33%\">\n<figure class=\"wp-block-image size-full\"><img loading=\"lazy\" decoding=\"async\" width=\"600\" height=\"600\" src=\"http:\/\/laborghesina.ch\/wp-content\/uploads\/2023\/07\/sms.jpg\" alt=\"\" class=\"wp-image-282\" srcset=\"https:\/\/laborghesina.ch\/wp-content\/uploads\/2023\/07\/sms.jpg 600w, https:\/\/laborghesina.ch\/wp-content\/uploads\/2023\/07\/sms-300x300.jpg 300w, https:\/\/laborghesina.ch\/wp-content\/uploads\/2023\/07\/sms-150x150.jpg 150w\" sizes=\"auto, (max-width: 600px) 100vw, 600px\" \/><\/figure>\n<\/div>\n\n\n\n<div class=\"wp-block-column is-layout-flow wp-block-column-is-layout-flow\" style=\"flex-basis:66.66%\">\n<p><strong>SMS &#8211; NEWSLETTER<\/strong><\/p>\n\n\n\n<p>Dank unserem SMS-Service k\u00f6nnen wir die Kunden, die es w\u00fcnschen stets \u00fcber Aktionen, Schlussverk\u00e4ufe, Neuigkeiten und Veranstaltungen, die wir im Laufe der Saisons anbieten, auf dem Laufenden halten.<\/p>\n\n\n\n<p><strong>Melde dich an und entdecke unsere Vorschl\u00e4ge!<\/strong><\/p>\n\n\n\n<div class=\"wp-block-contact-form-7-contact-form-selector\">\n<div class=\"wpcf7 no-js\" id=\"wpcf7-f415-o1\" lang=\"it-IT\" dir=\"ltr\" data-wpcf7-id=\"415\">\n<div class=\"screen-reader-response\"><p role=\"status\" aria-live=\"polite\" aria-atomic=\"true\"><\/p> <ul><\/ul><\/div>\n<form action=\"\/index.php?rest_route=%2Fwp%2Fv2%2Fpages%2F402#wpcf7-f415-o1\" method=\"post\" class=\"wpcf7-form init\" aria-label=\"Modulo di contatto\" novalidate=\"novalidate\" data-status=\"init\">\n<fieldset class=\"hidden-fields-container\"><input type=\"hidden\" name=\"_wpcf7\" value=\"415\" \/><input type=\"hidden\" name=\"_wpcf7_version\" value=\"6.1.5\" \/><input type=\"hidden\" name=\"_wpcf7_locale\" value=\"it_IT\" \/><input type=\"hidden\" name=\"_wpcf7_unit_tag\" value=\"wpcf7-f415-o1\" \/><input type=\"hidden\" name=\"_wpcf7_container_post\" value=\"0\" \/><input type=\"hidden\" name=\"_wpcf7_posted_data_hash\" value=\"\" \/><input type=\"hidden\" name=\"_wpcf7_recaptcha_response\" value=\"\" \/>\n<\/fieldset>\n<p><label> Name<br \/>\n<span class=\"wpcf7-form-control-wrap\" data-name=\"your-name\"><input size=\"40\" maxlength=\"400\" class=\"wpcf7-form-control wpcf7-text wpcf7-validates-as-required\" autocomplete=\"name\" aria-required=\"true\" aria-invalid=\"false\" value=\"\" type=\"text\" name=\"your-name\" \/><\/span> <\/label>\n<\/p>\n<p><label> Mobil<br \/>\n<span class=\"wpcf7-form-control-wrap\" data-name=\"tel-684\"><input size=\"40\" maxlength=\"400\" class=\"wpcf7-form-control wpcf7-tel wpcf7-validates-as-required wpcf7-text wpcf7-validates-as-tel\" aria-required=\"true\" aria-invalid=\"false\" value=\"\" type=\"tel\" name=\"tel-684\" \/><\/span> <\/label>\n<\/p>\n<p><input class=\"wpcf7-form-control wpcf7-submit has-spinner\" type=\"submit\" value=\"Senden\" \/>\n<\/p><div class=\"wpcf7-response-output\" aria-hidden=\"true\"><\/div>\n<\/form>\n<\/div>\n<\/div>\n<\/div>\n<\/div>\n\n\n\n<hr class=\"wp-block-separator has-alpha-channel-opacity\"\/>\n\n\n\n<div class=\"wp-block-columns is-layout-flex wp-container-core-columns-is-layout-6 wp-block-columns-is-layout-flex\">\n<div class=\"wp-block-column is-layout-flow wp-block-column-is-layout-flow\" style=\"flex-basis:33.33%\">\n<figure class=\"wp-block-image size-full\"><img loading=\"lazy\" decoding=\"async\" width=\"600\" height=\"600\" src=\"http:\/\/laborghesina.ch\/wp-content\/uploads\/2023\/07\/buonode.jpg\" alt=\"\" class=\"wp-image-409\" srcset=\"https:\/\/laborghesina.ch\/wp-content\/uploads\/2023\/07\/buonode.jpg 600w, https:\/\/laborghesina.ch\/wp-content\/uploads\/2023\/07\/buonode-300x300.jpg 300w, https:\/\/laborghesina.ch\/wp-content\/uploads\/2023\/07\/buonode-150x150.jpg 150w\" sizes=\"auto, (max-width: 600px) 100vw, 600px\" \/><\/figure>\n<\/div>\n\n\n\n<div class=\"wp-block-column is-layout-flow wp-block-column-is-layout-flow\" style=\"flex-basis:66.66%\">\n<p><strong>Online-Geschenkgutschein<\/strong><\/p>\n\n\n\n<p>&#8230;Ein sch\u00f6nes Geschenk, eine willkommene \u00dcberraschung&#8230;<\/p>\n\n\n\n<p>Frei w\u00e4hlbarer Betrag, unbegrenzte G\u00fcltigkeit und Versand inklusive<\/p>\n\n\n\n<div class=\"wp-block-contact-form-7-contact-form-selector\">\n<div class=\"wpcf7 no-js\" id=\"wpcf7-f416-o2\" lang=\"it-IT\" dir=\"ltr\" data-wpcf7-id=\"416\">\n<div class=\"screen-reader-response\"><p role=\"status\" aria-live=\"polite\" aria-atomic=\"true\"><\/p> <ul><\/ul><\/div>\n<form action=\"\/index.php?rest_route=%2Fwp%2Fv2%2Fpages%2F402#wpcf7-f416-o2\" method=\"post\" class=\"wpcf7-form init\" aria-label=\"Modulo di contatto\" novalidate=\"novalidate\" data-status=\"init\">\n<fieldset class=\"hidden-fields-container\"><input type=\"hidden\" name=\"_wpcf7\" value=\"416\" \/><input type=\"hidden\" name=\"_wpcf7_version\" value=\"6.1.5\" \/><input type=\"hidden\" name=\"_wpcf7_locale\" value=\"it_IT\" \/><input type=\"hidden\" name=\"_wpcf7_unit_tag\" value=\"wpcf7-f416-o2\" \/><input type=\"hidden\" name=\"_wpcf7_container_post\" value=\"0\" \/><input type=\"hidden\" name=\"_wpcf7_posted_data_hash\" value=\"\" \/><input type=\"hidden\" name=\"_wpcf7_recaptcha_response\" value=\"\" \/>\n<\/fieldset>\n<p><label> Dein Name<br \/>\n<span class=\"wpcf7-form-control-wrap\" data-name=\"your-name\"><input size=\"40\" maxlength=\"400\" class=\"wpcf7-form-control wpcf7-text wpcf7-validates-as-required\" autocomplete=\"name\" aria-required=\"true\" aria-invalid=\"false\" value=\"\" type=\"text\" name=\"your-name\" \/><\/span> <\/label>\n<\/p>\n<p><label> Deine E-Mail<br \/>\n<span class=\"wpcf7-form-control-wrap\" data-name=\"your-email\"><input size=\"40\" maxlength=\"400\" class=\"wpcf7-form-control wpcf7-email wpcf7-validates-as-required wpcf7-text wpcf7-validates-as-email\" autocomplete=\"email\" aria-required=\"true\" aria-invalid=\"false\" value=\"\" type=\"email\" name=\"your-email\" \/><\/span> <\/label>\n<\/p>\n<p><label> Deine Adresse<br \/>\n<span class=\"wpcf7-form-control-wrap\" data-name=\"indirizzo\"><input size=\"40\" maxlength=\"400\" class=\"wpcf7-form-control wpcf7-text wpcf7-validates-as-required\" aria-required=\"true\" aria-invalid=\"false\" value=\"\" type=\"text\" name=\"indirizzo\" \/><\/span> <\/label>\n<\/p>\n<p><label> Wem m\u00f6chtest du den Gutschein schicken? (bitte Name und Adresse angeben)<br \/>\n<span class=\"wpcf7-form-control-wrap\" data-name=\"regalo\"><input size=\"40\" maxlength=\"400\" class=\"wpcf7-form-control wpcf7-text wpcf7-validates-as-required\" aria-required=\"true\" aria-invalid=\"false\" value=\"\" type=\"text\" name=\"regalo\" \/><\/span> <\/label>\n<\/p>\n<p><label> Deine Nachricht (optional)<br \/>\n<span class=\"wpcf7-form-control-wrap\" data-name=\"your-message\"><textarea cols=\"40\" rows=\"10\" maxlength=\"2000\" class=\"wpcf7-form-control wpcf7-textarea\" aria-invalid=\"false\" name=\"your-message\"><\/textarea><\/span> <\/label>\n<\/p>\n<p><label> Wert des Gutscheins (chf)<br \/>\n<span class=\"wpcf7-form-control-wrap\" data-name=\"valore\"><input size=\"40\" maxlength=\"400\" class=\"wpcf7-form-control wpcf7-text wpcf7-validates-as-required\" aria-required=\"true\" aria-invalid=\"false\" value=\"\" type=\"text\" name=\"valore\" \/><\/span> <\/label>\n<\/p>\n<p><input class=\"wpcf7-form-control wpcf7-submit has-spinner\" type=\"submit\" value=\"Senden\" \/>\n<\/p><div class=\"wpcf7-response-output\" aria-hidden=\"true\"><\/div>\n<\/form>\n<\/div>\n<\/div>\n\n\n\n<p>Du kannst auch mit TWINT<\/p>\n\n\n\n<figure class=\"wp-block-image size-full is-resized\"><img loading=\"lazy\" decoding=\"async\" src=\"http:\/\/laborghesina.ch\/wp-content\/uploads\/2023\/07\/twint.webp\" alt=\"\" class=\"wp-image-264\" width=\"219\" height=\"336\" srcset=\"https:\/\/laborghesina.ch\/wp-content\/uploads\/2023\/07\/twint.webp 500w, https:\/\/laborghesina.ch\/wp-content\/uploads\/2023\/07\/twint-196x300.webp 196w\" sizes=\"auto, (max-width: 219px) 100vw, 219px\" \/><\/figure>\n<\/div>\n<\/div>\n","protected":false},"excerpt":{"rendered":"<p>N\u00e4hservice&nbsp; Wir stellen einen professionellen und zuverl\u00e4ssigen N\u00e4hservice zur Verf\u00fcgung, der ausschliesslich die bei uns gekauften Kleidungsst\u00fccke wunschgem\u00e4ss \u00e4ndert. Bequeme Gr\u00f6ssen \u2013 Over &#8211; Curvy Wir bieten eine sch\u00f6ne und grosse Auswahl an Damen- und Herrenbekleidung in den bequemsten Sonder- und Curvygr\u00f6ssen f\u00fcr diejenigen Kunden, welche spezielle, zu ihrem Figurtyp passende Kleiderformen brauchen, bis Gr\u00f6sse &#8230; <a title=\"Dienstleistungen\" class=\"read-more\" href=\"https:\/\/laborghesina.ch\/?page_id=402&#038;lang=de\" aria-label=\"More on Dienstleistungen\">Leggi tutto<\/a><\/p>\n","protected":false},"author":1,"featured_media":0,"parent":0,"menu_order":0,"comment_status":"closed","ping_status":"closed","template":"","meta":{"inline_featured_image":false,"_uag_custom_page_level_css":"","footnotes":""},"class_list":["post-402","page","type-page","status-publish"],"uagb_featured_image_src":{"full":false,"thumbnail":false,"medium":false,"medium_large":false,"large":false,"1536x1536":false,"2048x2048":false},"uagb_author_info":{"display_name":"admin","author_link":"https:\/\/laborghesina.ch\/?author=1"},"uagb_comment_info":0,"uagb_excerpt":"N\u00e4hservice&nbsp; Wir stellen einen professionellen und zuverl\u00e4ssigen N\u00e4hservice zur Verf\u00fcgung, der ausschliesslich die bei uns gekauften Kleidungsst\u00fccke wunschgem\u00e4ss \u00e4ndert. Bequeme Gr\u00f6ssen \u2013 Over &#8211; Curvy Wir bieten eine sch\u00f6ne und grosse Auswahl an Damen- und Herrenbekleidung in den bequemsten Sonder- und Curvygr\u00f6ssen f\u00fcr diejenigen Kunden, welche spezielle, zu ihrem Figurtyp passende Kleiderformen brauchen, bis Gr\u00f6sse&hellip;","_links":{"self":[{"href":"https:\/\/laborghesina.ch\/index.php?rest_route=\/wp\/v2\/pages\/402","targetHints":{"allow":["GET"]}}],"collection":[{"href":"https:\/\/laborghesina.ch\/index.php?rest_route=\/wp\/v2\/pages"}],"about":[{"href":"https:\/\/laborghesina.ch\/index.php?rest_route=\/wp\/v2\/types\/page"}],"author":[{"embeddable":true,"href":"https:\/\/laborghesina.ch\/index.php?rest_route=\/wp\/v2\/users\/1"}],"replies":[{"embeddable":true,"href":"https:\/\/laborghesina.ch\/index.php?rest_route=%2Fwp%2Fv2%2Fcomments&post=402"}],"version-history":[{"count":4,"href":"https:\/\/laborghesina.ch\/index.php?rest_route=\/wp\/v2\/pages\/402\/revisions"}],"predecessor-version":[{"id":495,"href":"https:\/\/laborghesina.ch\/index.php?rest_route=\/wp\/v2\/pages\/402\/revisions\/495"}],"wp:attachment":[{"href":"https:\/\/laborghesina.ch\/index.php?rest_route=%2Fwp%2Fv2%2Fmedia&parent=402"}],"curies":[{"name":"wp","href":"https:\/\/api.w.org\/{rel}","templated":true}]}}